{"id":224,"date":"2019-06-04T12:12:39","date_gmt":"2019-06-04T10:12:39","guid":{"rendered":"http:\/\/f6flu.crx.cloud\/blog\/?page_id=224"},"modified":"2019-06-04T12:12:39","modified_gmt":"2019-06-04T10:12:39","slug":"paris-1er-lieux-insolites","status":"publish","type":"page","link":"https:\/\/dlavocat.crx.cloud\/?page_id=224","title":{"rendered":"Paris 1 : Galerie de Valois"},"content":{"rendered":"\n<figure class=\"wp-block-image is-resized\"><img loading=\"lazy\" src=\"https:\/\/f6flu.crx.cloud\/blog\/wp-content\/uploads\/2019\/06\/galerie-palais-royal-300-90bde.jpg\" alt=\"\" class=\"wp-image-408\" width=\"582\" height=\"423\"\/><\/figure>\n\n\n\n<p>Cette <a href=\"http:\/\/www.paris-promeneurs.com\/galerie\">galerie<\/a> est la toute premi\u00e8re <a href=\"http:\/\/www.paris-promeneurs.com\/galerie\">galerie<\/a> marchande du m\u00e9tropolitain parisien.<br>La station de m\u00e9tro Palais-Royal conserve une vraie curiosit\u00e9\u00a0: dans les ann\u00e9es 1900, la toute premi\u00e8re <a href=\"http:\/\/www.paris-promeneurs.com\/galerie\">galerie<\/a> marchande du m\u00e9tropolitain y est cr\u00e9\u00e9e.<br>La <a href=\"http:\/\/www.paris-promeneurs.com\/galerie\">galerie<\/a> s\u2019inspire du style <strong>Art Nouveau<\/strong>\u00a0: motifs floraux, menuiseries et colonnettes en cuivre, panneaux de marbre, sol en mosa\u00efques. Elle est maintenant appel\u00e9e <a href=\"http:\/\/www.paris-promeneurs.com\/galerie\">galerie<\/a> de Valois<br>D\u00e9saffect\u00e9e depuis longtemps, la <a href=\"http:\/\/www.paris-promeneurs.com\/galerie\">galerie<\/a> devient dans les ann\u00e9es 2000 un lieu d\u00e9di\u00e9 \u00e0 l\u2019Art contemporain\u00a0: <strong>\u201c1\u00e8re station\u201d<\/strong>  est un concept invent\u00e9 par l\u2019IESA (Ecole Sup\u00e9rieure des \u00e9tudiants en  Art). En 2009, de jeunes stylistes y exposent . En 2010 la fondation  RATP y f\u00eate ses 15 ans.<\/p>\n\n\n\n<p><strong>Horaires d\u2019ouverture&nbsp;:<\/strong> La <a href=\"http:\/\/www.paris-promeneurs.com\/galerie\">galerie<\/a> de Valois est librement accessible de 11h \u00e0 19h. On y acc\u00e8de par la sortie de m\u00e9tro situ\u00e9e devant le Louvre des Antiquaires.<br>M\u00e9tro : Palais-Royal<\/p>\n","protected":false},"excerpt":{"rendered":"<p>Cette galerie est la toute premi\u00e8re galerie marchande du m\u00e9tropolitain parisien.La station de m\u00e9tro Palais-Royal conserve une vraie curiosit\u00e9\u00a0: dans<a href=\"https:\/\/dlavocat.crx.cloud\/?page_id=224\" class=\"more-link\"><span class=\"more-button\">Suite &#8230;<span class=\"screen-reader-text\">Paris 1 : Galerie de Valois<\/span><\/span><\/a><\/p>\n","protected":false},"author":2,"featured_media":0,"parent":0,"menu_order":0,"comment_status":"closed","ping_status":"closed","template":"","meta":[],"_links":{"self":[{"href":"https:\/\/dlavocat.crx.cloud\/index.php?rest_route=\/wp\/v2\/pages\/224"}],"collection":[{"href":"https:\/\/dlavocat.crx.cloud\/index.php?rest_route=\/wp\/v2\/pages"}],"about":[{"href":"https:\/\/dlavocat.crx.cloud\/index.php?rest_route=\/wp\/v2\/types\/page"}],"author":[{"embeddable":true,"href":"https:\/\/dlavocat.crx.cloud\/index.php?rest_route=\/wp\/v2\/users\/2"}],"replies":[{"embeddable":true,"href":"https:\/\/dlavocat.crx.cloud\/index.php?rest_route=%2Fwp%2Fv2%2Fcomments&post=224"}],"version-history":[{"count":0,"href":"https:\/\/dlavocat.crx.cloud\/index.php?rest_route=\/wp\/v2\/pages\/224\/revisions"}],"wp:attachment":[{"href":"https:\/\/dlavocat.crx.cloud\/index.php?rest_route=%2Fwp%2Fv2%2Fmedia&parent=224"}],"curies":[{"name":"wp","href":"https:\/\/api.w.org\/{rel}","templated":true}]}}